{"id":2924,"date":"2020-07-09T12:56:41","date_gmt":"2020-07-09T12:56:41","guid":{"rendered":"https:\/\/www.nelijakk.ee\/product\/belt-nahtjak\/"},"modified":"2020-09-06T08:43:36","modified_gmt":"2020-09-06T08:43:36","slug":"belt-nahtjak","status":"publish","type":"product","link":"https:\/\/nelijakk.ee\/et\/toode\/belt-nahtjak\/","title":{"rendered":"V\u00f6\u00f6 \u201cNahtjak\u201d"},"content":{"rendered":"<p>Nelijaki luksuslike aksessuaaride disain esindab Nelijakk pereettev\u00f5tte p\u00e4randi esteetilist ilu. K\u00f5ik aksessuaarid on viimistletud nii pealis- kui pahupoolelt ning valmistatud kasutades vaid naturaalseid materjale nagu Euroopa villal\u00f5ngad, nahk ja puhas h\u00f5be. H\u00f5bedetailid k\u00e4ekottidel, kinnastel ja v\u00f6\u00f6del on juvelleeri k\u00e4sit\u00f6\u00f6na valminud, muutes meie aksessuaarid kui investeeringuks ajatusse v\u00e4\u00e4rismetalli.\u00a0<\/p>\n<div>\n<div>Palun arvestada, et meie toodete valmimine ja Sinuni j\u00f5udmine v\u00f5ib v\u00f5tta aega kuni kaks kuud. Toodet hakatakse valmistama alles p\u00e4rast tellimuse esitamist. Nelijakk p\u00fchendub vaid suurep\u00e4rase kvaliteedi pakkumisele.<\/div>\n<p>&nbsp;<\/p>\n<\/div>\n<p class=\"p1\"><span class=\"s1\"><strong>V\u00e4rv:<\/strong>\u00a0toote v\u00e4rv s\u00f5ltub valitavast nahast.\u00a0<\/span><\/p>\n<p>&nbsp;<\/p>\n<p class=\"p1\"><span class=\"s1\"><strong>Materjal:<\/strong><\/span><\/p>\n<p class=\"p1\"><span class=\"s1\">V\u00f6\u00f6d: 100% veisenahk Taanist.<\/span><\/p>\n<p>V\u00f6\u00f6pannal: H\u00f5be 925<\/p>\n<p>&nbsp;<\/p>\n<p class=\"p1\"><span class=\"s1\"><strong>Hooldusjuhised Nelijakk v\u00f6\u00f6dele:<\/strong><\/span><\/p>\n<p class=\"p1\"><span class=\"s1\">K\u00e4sitleda vaid puhaste ja kuivade k\u00e4tega, sest v\u00f6\u00f6rihm on taimpark t\u00f6\u00f6tlusega ning v\u00f5ib olla mustusele ja niiskusele vastuv\u00f5tlik.\u00a0<\/span><\/p>\n<p>&nbsp;<\/p>\n<p class=\"p3\"><span class=\"s1\"><strong>M\u00e4rkus Nelijakk h\u00f5bedetailide kohta:<\/strong><\/span><\/p>\n<p class=\"p3\"><span class=\"s1\">Palun arvestada, et h\u00f5be v\u00f5ib muuta aja jooksul tooni kuna h\u00f5be v\u00f5ib reageerida \u00f5huga.\u00a0<\/span><\/p>\n<p>&nbsp;<\/p>\n<p class=\"p1\"><strong>P\u00e4ritolu riigid:<\/strong><\/p>\n<p>Nahk: Taani<\/p>\n<p>V\u00f6\u00f6pannal: Eesti<\/p>\n<p>&nbsp;<\/p>\n<p class=\"p1\"><span class=\"s1\">Nelijakk<\/span><\/p>\n<br>Belt size chart:<p>Nelijakk belts are measured to fit to the center hole. The holes of the belts offer 3 lenght options.<\/p><br><p>Measuring tips:<\/p><br><p>With the help of a measuring tape find the circumference of a place on a body You would like to wear the belt. If You are inbetween sizes, we recommend sizing up.<br><table class=\"size_table\"><tbody><tr><td>Circumference (cm)<\/td><td>The belt fits for (cm):<\/td><td>Size in inches<\/td><\/tr><tr><td>65<\/td><td>62-68<\/td><td>26<\/td><\/tr><tr><td>70<\/td><td>67-73<\/td><td>28<\/td><\/tr><tr><td>75<\/td><td>72-78<\/td><td>30<\/td><\/tr><tr><td>80<\/td><td>77-83<\/td><td>32<\/td><\/tr><tr><td>85<\/td><td>82-88<\/td><td>34<\/td><\/tr><tr><td>90<\/td><td>87-93<\/td><td>36<\/td><\/tr><tr><td>95<\/td><td>92-98<\/td><td>38<\/td><\/tr><tr><td>100<\/td><td>97-103<\/td><td>40<\/td><\/tr><tr><td>105<\/td><td>102-108<\/td><td>42<\/td><\/tr><\/tbody><\/table>\n","protected":false},"excerpt":{"rendered":"<p>Nelijaki luksuslike aksessuaaride disain esindab Nelijakk pereettev\u00f5tte p\u00e4randi esteetilist ilu. K\u00f5ik aksessuaarid on viimistletud nii pealis- kui pahupoolelt ning valmistatud kasutades vaid naturaalseid materjale nagu Euroopa villal\u00f5ngad, nahk ja puhas h\u00f5be. H\u00f5bedetailid k\u00e4ekottidel, kinnastel ja v\u00f6\u00f6del on juvelleeri k\u00e4sit\u00f6\u00f6na valminud, muutes meie aksessuaarid kui investeeringuks ajatusse v\u00e4\u00e4rismetalli.\u00a0 Palun arvestada, et meie toodete valmimine ja Sinuni [&hellip;]<\/p>\n","protected":false},"featured_media":2925,"template":"","meta":{"inline_featured_image":false},"product_brand":[],"product_cat":[137],"product_tag":[],"class_list":{"0":"post-2924","1":"product","2":"type-product","3":"status-publish","4":"has-post-thumbnail","6":"product_cat-vood","8":"first","9":"instock","10":"shipping-taxable","11":"purchasable","12":"product-type-variable"},"yoast_head":"<!-- This site is optimized with the Yoast SEO plugin v25.3 - https:\/\/yoast.com\/wordpress\/plugins\/seo\/ -->\n<title>V\u00f6\u00f6 \u201cNahtjak\u201d - NELIJAKK<\/title>\n<meta name=\"robots\" content=\"index, follow, max-snippet:-1, max-image-preview:large, max-video-preview:-1\" \/>\n<link rel=\"canonical\" href=\"https:\/\/nelijakk.ee\/et\/toode\/belt-nahtjak\/\" \/>\n<meta property=\"og:locale\" content=\"et_EE\" \/>\n<meta property=\"og:type\" content=\"article\" \/>\n<meta property=\"og:title\" content=\"V\u00f6\u00f6 \u201cNahtjak\u201d - NELIJAKK\" \/>\n<meta property=\"og:description\" content=\"Nelijaki luksuslike aksessuaaride disain esindab Nelijakk pereettev\u00f5tte p\u00e4randi esteetilist ilu. K\u00f5ik aksessuaarid on viimistletud nii pealis- kui pahupoolelt ning valmistatud kasutades vaid naturaalseid materjale nagu Euroopa villal\u00f5ngad, nahk ja puhas h\u00f5be. H\u00f5bedetailid k\u00e4ekottidel, kinnastel ja v\u00f6\u00f6del on juvelleeri k\u00e4sit\u00f6\u00f6na valminud, muutes meie aksessuaarid kui investeeringuks ajatusse v\u00e4\u00e4rismetalli.\u00a0 Palun arvestada, et meie toodete valmimine ja Sinuni [&hellip;]\" \/>\n<meta property=\"og:url\" content=\"https:\/\/nelijakk.ee\/et\/toode\/belt-nahtjak\/\" \/>\n<meta property=\"og:site_name\" content=\"NELIJAKK\" \/>\n<meta property=\"article:modified_time\" content=\"2020-09-06T08:43:36+00:00\" \/>\n<meta property=\"og:image\" content=\"https:\/\/nelijakk.ee\/wp-content\/uploads\/2020\/07\/belt_nahtjak-e1594632797376.jpg\" \/>\n\t<meta property=\"og:image:width\" content=\"937\" \/>\n\t<meta property=\"og:image:height\" content=\"692\" \/>\n\t<meta property=\"og:image:type\" content=\"image\/jpeg\" \/>\n<meta name=\"twitter:card\" content=\"summary_large_image\" \/>\n<meta name=\"twitter:label1\" content=\"Est. reading time\" \/>\n\t<meta name=\"twitter:data1\" content=\"1 minut\" \/>\n<script type=\"application\/ld+json\" class=\"yoast-schema-graph\">{\"@context\":\"https:\/\/schema.org\",\"@graph\":[{\"@type\":\"WebPage\",\"@id\":\"https:\/\/nelijakk.ee\/et\/toode\/belt-nahtjak\/\",\"url\":\"https:\/\/nelijakk.ee\/et\/toode\/belt-nahtjak\/\",\"name\":\"V\u00f6\u00f6 \u201cNahtjak\u201d - NELIJAKK\",\"isPartOf\":{\"@id\":\"https:\/\/nelijakk.ee\/et\/#website\"},\"primaryImageOfPage\":{\"@id\":\"https:\/\/nelijakk.ee\/et\/toode\/belt-nahtjak\/#primaryimage\"},\"image\":{\"@id\":\"https:\/\/nelijakk.ee\/et\/toode\/belt-nahtjak\/#primaryimage\"},\"thumbnailUrl\":\"https:\/\/nelijakk.ee\/wp-content\/uploads\/2020\/07\/belt_nahtjak-e1594632797376.jpg\",\"datePublished\":\"2020-07-09T12:56:41+00:00\",\"dateModified\":\"2020-09-06T08:43:36+00:00\",\"breadcrumb\":{\"@id\":\"https:\/\/nelijakk.ee\/et\/toode\/belt-nahtjak\/#breadcrumb\"},\"inLanguage\":\"et\",\"potentialAction\":[{\"@type\":\"ReadAction\",\"target\":[\"https:\/\/nelijakk.ee\/et\/toode\/belt-nahtjak\/\"]}]},{\"@type\":\"ImageObject\",\"inLanguage\":\"et\",\"@id\":\"https:\/\/nelijakk.ee\/et\/toode\/belt-nahtjak\/#primaryimage\",\"url\":\"https:\/\/nelijakk.ee\/wp-content\/uploads\/2020\/07\/belt_nahtjak-e1594632797376.jpg\",\"contentUrl\":\"https:\/\/nelijakk.ee\/wp-content\/uploads\/2020\/07\/belt_nahtjak-e1594632797376.jpg\",\"width\":937,\"height\":692,\"caption\":\"belt_nahtjak\"},{\"@type\":\"BreadcrumbList\",\"@id\":\"https:\/\/nelijakk.ee\/et\/toode\/belt-nahtjak\/#breadcrumb\",\"itemListElement\":[{\"@type\":\"ListItem\",\"position\":1,\"name\":\"Home\",\"item\":\"https:\/\/nelijakk.ee\/et\/\"},{\"@type\":\"ListItem\",\"position\":2,\"name\":\"Shop\",\"item\":\"https:\/\/nelijakk.ee\/shop\/\"},{\"@type\":\"ListItem\",\"position\":3,\"name\":\"V\u00f6\u00f6 \u201cNahtjak\u201d\"}]},{\"@type\":\"WebSite\",\"@id\":\"https:\/\/nelijakk.ee\/et\/#website\",\"url\":\"https:\/\/nelijakk.ee\/et\/\",\"name\":\"NELIJAKK\",\"description\":\"\",\"potentialAction\":[{\"@type\":\"SearchAction\",\"target\":{\"@type\":\"EntryPoint\",\"urlTemplate\":\"https:\/\/nelijakk.ee\/et\/?s={search_term_string}\"},\"query-input\":{\"@type\":\"PropertyValueSpecification\",\"valueRequired\":true,\"valueName\":\"search_term_string\"}}],\"inLanguage\":\"et\"}]}<\/script>\n<!-- \/ Yoast SEO plugin. -->","yoast_head_json":{"title":"V\u00f6\u00f6 \u201cNahtjak\u201d - NELIJAKK","robots":{"index":"index","follow":"follow","max-snippet":"max-snippet:-1","max-image-preview":"max-image-preview:large","max-video-preview":"max-video-preview:-1"},"canonical":"https:\/\/nelijakk.ee\/et\/toode\/belt-nahtjak\/","og_locale":"et_EE","og_type":"article","og_title":"V\u00f6\u00f6 \u201cNahtjak\u201d - NELIJAKK","og_description":"Nelijaki luksuslike aksessuaaride disain esindab Nelijakk pereettev\u00f5tte p\u00e4randi esteetilist ilu. K\u00f5ik aksessuaarid on viimistletud nii pealis- kui pahupoolelt ning valmistatud kasutades vaid naturaalseid materjale nagu Euroopa villal\u00f5ngad, nahk ja puhas h\u00f5be. H\u00f5bedetailid k\u00e4ekottidel, kinnastel ja v\u00f6\u00f6del on juvelleeri k\u00e4sit\u00f6\u00f6na valminud, muutes meie aksessuaarid kui investeeringuks ajatusse v\u00e4\u00e4rismetalli.\u00a0 Palun arvestada, et meie toodete valmimine ja Sinuni [&hellip;]","og_url":"https:\/\/nelijakk.ee\/et\/toode\/belt-nahtjak\/","og_site_name":"NELIJAKK","article_modified_time":"2020-09-06T08:43:36+00:00","og_image":[{"width":937,"height":692,"url":"https:\/\/nelijakk.ee\/wp-content\/uploads\/2020\/07\/belt_nahtjak-e1594632797376.jpg","type":"image\/jpeg"}],"twitter_card":"summary_large_image","twitter_misc":{"Est. reading time":"1 minut"},"schema":{"@context":"https:\/\/schema.org","@graph":[{"@type":"WebPage","@id":"https:\/\/nelijakk.ee\/et\/toode\/belt-nahtjak\/","url":"https:\/\/nelijakk.ee\/et\/toode\/belt-nahtjak\/","name":"V\u00f6\u00f6 \u201cNahtjak\u201d - NELIJAKK","isPartOf":{"@id":"https:\/\/nelijakk.ee\/et\/#website"},"primaryImageOfPage":{"@id":"https:\/\/nelijakk.ee\/et\/toode\/belt-nahtjak\/#primaryimage"},"image":{"@id":"https:\/\/nelijakk.ee\/et\/toode\/belt-nahtjak\/#primaryimage"},"thumbnailUrl":"https:\/\/nelijakk.ee\/wp-content\/uploads\/2020\/07\/belt_nahtjak-e1594632797376.jpg","datePublished":"2020-07-09T12:56:41+00:00","dateModified":"2020-09-06T08:43:36+00:00","breadcrumb":{"@id":"https:\/\/nelijakk.ee\/et\/toode\/belt-nahtjak\/#breadcrumb"},"inLanguage":"et","potentialAction":[{"@type":"ReadAction","target":["https:\/\/nelijakk.ee\/et\/toode\/belt-nahtjak\/"]}]},{"@type":"ImageObject","inLanguage":"et","@id":"https:\/\/nelijakk.ee\/et\/toode\/belt-nahtjak\/#primaryimage","url":"https:\/\/nelijakk.ee\/wp-content\/uploads\/2020\/07\/belt_nahtjak-e1594632797376.jpg","contentUrl":"https:\/\/nelijakk.ee\/wp-content\/uploads\/2020\/07\/belt_nahtjak-e1594632797376.jpg","width":937,"height":692,"caption":"belt_nahtjak"},{"@type":"BreadcrumbList","@id":"https:\/\/nelijakk.ee\/et\/toode\/belt-nahtjak\/#breadcrumb","itemListElement":[{"@type":"ListItem","position":1,"name":"Home","item":"https:\/\/nelijakk.ee\/et\/"},{"@type":"ListItem","position":2,"name":"Shop","item":"https:\/\/nelijakk.ee\/shop\/"},{"@type":"ListItem","position":3,"name":"V\u00f6\u00f6 \u201cNahtjak\u201d"}]},{"@type":"WebSite","@id":"https:\/\/nelijakk.ee\/et\/#website","url":"https:\/\/nelijakk.ee\/et\/","name":"NELIJAKK","description":"","potentialAction":[{"@type":"SearchAction","target":{"@type":"EntryPoint","urlTemplate":"https:\/\/nelijakk.ee\/et\/?s={search_term_string}"},"query-input":{"@type":"PropertyValueSpecification","valueRequired":true,"valueName":"search_term_string"}}],"inLanguage":"et"}]}},"_links":{"self":[{"href":"https:\/\/nelijakk.ee\/et\/wp-json\/wp\/v2\/product\/2924","targetHints":{"allow":["GET"]}}],"collection":[{"href":"https:\/\/nelijakk.ee\/et\/wp-json\/wp\/v2\/product"}],"about":[{"href":"https:\/\/nelijakk.ee\/et\/wp-json\/wp\/v2\/types\/product"}],"version-history":[{"count":2,"href":"https:\/\/nelijakk.ee\/et\/wp-json\/wp\/v2\/product\/2924\/revisions"}],"predecessor-version":[{"id":3202,"href":"https:\/\/nelijakk.ee\/et\/wp-json\/wp\/v2\/product\/2924\/revisions\/3202"}],"wp:featuredmedia":[{"embeddable":true,"href":"https:\/\/nelijakk.ee\/et\/wp-json\/wp\/v2\/media\/2925"}],"wp:attachment":[{"href":"https:\/\/nelijakk.ee\/et\/wp-json\/wp\/v2\/media?parent=2924"}],"wp:term":[{"taxonomy":"product_brand","embeddable":true,"href":"https:\/\/nelijakk.ee\/et\/wp-json\/wp\/v2\/product_brand?post=2924"},{"taxonomy":"product_cat","embeddable":true,"href":"https:\/\/nelijakk.ee\/et\/wp-json\/wp\/v2\/product_cat?post=2924"},{"taxonomy":"product_tag","embeddable":true,"href":"https:\/\/nelijakk.ee\/et\/wp-json\/wp\/v2\/product_tag?post=2924"}],"curies":[{"name":"wp","href":"https:\/\/api.w.org\/{rel}","templated":true}]}}