{"id":2965,"date":"2020-07-09T12:34:15","date_gmt":"2020-07-09T12:34:15","guid":{"rendered":"https:\/\/www.nelijakk.ee\/product\/handbag-absolute-2\/"},"modified":"2020-09-06T08:47:07","modified_gmt":"2020-09-06T08:47:07","slug":"handbag-absolute-2","status":"publish","type":"product","link":"https:\/\/nelijakk.ee\/et\/toode\/handbag-absolute-2\/","title":{"rendered":"K\u00e4ekott \u201cAbsolute\u201d"},"content":{"rendered":"<p>Nelijaki luksuslike aksessuaaride disain esindab Nelijakk pereettev\u00f5tte p\u00e4randi esteetilist ilu. K\u00f5ik aksessuaarid on viimistletud nii pealis- kui pahupoolelt ning valmistatud kasutades vaid naturaalseid materjale nagu Euroopa villal\u00f5ngad, nahk ja puhas h\u00f5be. H\u00f5bedetailid k\u00e4ekottidel, kinnastel ja v\u00f6\u00f6del on juvelleeri k\u00e4sit\u00f6\u00f6na valminud, muutes meie aksessuaarid kui investeeringuks ajatusse v\u00e4\u00e4rismetalli.\u00a0<\/p>\n<div>\n<div>Palun arvestada, et meie toodete valmimine ja Sinuni j\u00f5udmine v\u00f5ib v\u00f5tta aega kuni kaks kuud. Toodet hakatakse valmistama alles p\u00e4rast tellimuse esitamist. Nelijakk p\u00fchendub vaid suurep\u00e4rase kvaliteedi pakkumisele.<\/div>\n<p>&nbsp;<\/p>\n<\/div>\n<p class=\"p1\"><span class=\"s1\"><strong>V\u00e4rv:<\/strong>\u00a0toote v\u00e4rv s\u00f5ltub valitavast l\u00f5ngast.\u00a0<\/span><\/p>\n<p>&nbsp;<\/p>\n<p class=\"p1\"><span class=\"s1\"><strong>Materjal:<\/strong><\/span><\/p>\n<p class=\"p1\">Kangas: 100% Europa villa l\u00f5ng (vaata erinevate kangaste koostisi)<\/p>\n<p class=\"p1\">Vooder: 100% Viskoos<\/p>\n<p>H\u00f5bedetail: H\u00f5be 925<\/p>\n<p>&nbsp;<\/p>\n<p class=\"p1\"><strong>Hooldusjuhised:<\/strong><\/p>\n<p class=\"p1\">Tulenevalt villa naturaalsest omadusest v\u00f5ib h\u00f5\u00f5rdumisel eralduda villa kiudusid. Toote eest saab hoolitseda kasutades spetsiaalset kiu eemaldajat.\u00a0<\/p>\n<p class=\"p1\">Hoia kangast (millessegi) takerdumise eest!<\/p>\n<p class=\"p1\">Ainult keemiline puhastus.\u00a0<\/p>\n<p class=\"p1\">Mitte valgendada.\u00a0<\/p>\n<p class=\"p1\">Mitte hoiustada p\u00e4ikesevalguse k\u00e4es.\u00a0<\/p>\n<p>&nbsp;<\/p>\n<p class=\"p3\"><span class=\"s1\"><strong>M\u00e4rkus Nelijakk h\u00f5bedetailide kohta:<\/strong><\/span><\/p>\n<p class=\"p3\"><span class=\"s1\">Palun arvestada, et h\u00f5be v\u00f5ib muuta aja jooksul tooni kuna h\u00f5be v\u00f5ib reageerida \u00f5huga.\u00a0<\/span><\/p>\n<p>&nbsp;<\/p>\n<p class=\"p1\"><strong>P\u00e4ritolu riigid:<\/strong><\/p>\n<p class=\"p1\">L\u00f5ngad: Itaalia, Inglismaa, Austria, Eesti<\/p>\n<p class=\"p1\">Vooder: Inglismaa<\/p>\n<p class=\"p1\">Kangaste disain: Nelijakk<\/p>\n<p class=\"p1\">Kudumine: Soome<\/p>\n<p class=\"p1\">\u00d5mblemine: Eesti<\/p>\n<p>H\u00f5bedetail: Eesti<\/p>\n<p>&nbsp;<\/p>\n<p class=\"p1\">Nelijakk<\/p>\n","protected":false},"excerpt":{"rendered":"<p>Fotol:\u00a0Wensleydale Wool 2<\/p>\n","protected":false},"featured_media":2971,"template":"","meta":{"inline_featured_image":false},"product_brand":[],"product_cat":[152],"product_tag":[],"class_list":{"0":"post-2965","1":"product","2":"type-product","3":"status-publish","4":"has-post-thumbnail","6":"product_cat-kotid","8":"first","9":"instock","10":"shipping-taxable","11":"purchasable","12":"product-type-variable"},"yoast_head":"<!-- This site is optimized with the Yoast SEO plugin v25.3 - https:\/\/yoast.com\/wordpress\/plugins\/seo\/ -->\n<title>K\u00e4ekott \u201cAbsolute\u201d - NELIJAKK<\/title>\n<meta name=\"robots\" content=\"index, follow, max-snippet:-1, max-image-preview:large, max-video-preview:-1\" \/>\n<link rel=\"canonical\" href=\"https:\/\/nelijakk.ee\/et\/toode\/handbag-absolute-2\/\" \/>\n<meta property=\"og:locale\" content=\"et_EE\" \/>\n<meta property=\"og:type\" content=\"article\" \/>\n<meta property=\"og:title\" content=\"K\u00e4ekott \u201cAbsolute\u201d - NELIJAKK\" \/>\n<meta property=\"og:description\" content=\"Fotol:\u00a0Wensleydale Wool 2\" \/>\n<meta property=\"og:url\" content=\"https:\/\/nelijakk.ee\/et\/toode\/handbag-absolute-2\/\" \/>\n<meta property=\"og:site_name\" content=\"NELIJAKK\" \/>\n<meta property=\"article:modified_time\" content=\"2020-09-06T08:47:07+00:00\" \/>\n<meta property=\"og:image\" content=\"https:\/\/nelijakk.ee\/wp-content\/uploads\/2020\/07\/SuurKottTumeIYI.jpg\" \/>\n\t<meta property=\"og:image:width\" content=\"1000\" \/>\n\t<meta property=\"og:image:height\" content=\"1130\" \/>\n\t<meta property=\"og:image:type\" content=\"image\/jpeg\" \/>\n<meta name=\"twitter:card\" content=\"summary_large_image\" \/>\n<meta name=\"twitter:label1\" content=\"Est. reading time\" \/>\n\t<meta name=\"twitter:data1\" content=\"1 minut\" \/>\n<script type=\"application\/ld+json\" class=\"yoast-schema-graph\">{\"@context\":\"https:\/\/schema.org\",\"@graph\":[{\"@type\":\"WebPage\",\"@id\":\"https:\/\/nelijakk.ee\/et\/toode\/handbag-absolute-2\/\",\"url\":\"https:\/\/nelijakk.ee\/et\/toode\/handbag-absolute-2\/\",\"name\":\"K\u00e4ekott \u201cAbsolute\u201d - NELIJAKK\",\"isPartOf\":{\"@id\":\"https:\/\/nelijakk.ee\/et\/#website\"},\"primaryImageOfPage\":{\"@id\":\"https:\/\/nelijakk.ee\/et\/toode\/handbag-absolute-2\/#primaryimage\"},\"image\":{\"@id\":\"https:\/\/nelijakk.ee\/et\/toode\/handbag-absolute-2\/#primaryimage\"},\"thumbnailUrl\":\"https:\/\/nelijakk.ee\/wp-content\/uploads\/2020\/07\/SuurKottTumeIYI.jpg\",\"datePublished\":\"2020-07-09T12:34:15+00:00\",\"dateModified\":\"2020-09-06T08:47:07+00:00\",\"breadcrumb\":{\"@id\":\"https:\/\/nelijakk.ee\/et\/toode\/handbag-absolute-2\/#breadcrumb\"},\"inLanguage\":\"et\",\"potentialAction\":[{\"@type\":\"ReadAction\",\"target\":[\"https:\/\/nelijakk.ee\/et\/toode\/handbag-absolute-2\/\"]}]},{\"@type\":\"ImageObject\",\"inLanguage\":\"et\",\"@id\":\"https:\/\/nelijakk.ee\/et\/toode\/handbag-absolute-2\/#primaryimage\",\"url\":\"https:\/\/nelijakk.ee\/wp-content\/uploads\/2020\/07\/SuurKottTumeIYI.jpg\",\"contentUrl\":\"https:\/\/nelijakk.ee\/wp-content\/uploads\/2020\/07\/SuurKottTumeIYI.jpg\",\"width\":1000,\"height\":1130,\"caption\":\"SuurKottTumeIYI\"},{\"@type\":\"BreadcrumbList\",\"@id\":\"https:\/\/nelijakk.ee\/et\/toode\/handbag-absolute-2\/#breadcrumb\",\"itemListElement\":[{\"@type\":\"ListItem\",\"position\":1,\"name\":\"Home\",\"item\":\"https:\/\/nelijakk.ee\/et\/\"},{\"@type\":\"ListItem\",\"position\":2,\"name\":\"Shop\",\"item\":\"https:\/\/nelijakk.ee\/shop\/\"},{\"@type\":\"ListItem\",\"position\":3,\"name\":\"K\u00e4ekott \u201cAbsolute\u201d\"}]},{\"@type\":\"WebSite\",\"@id\":\"https:\/\/nelijakk.ee\/et\/#website\",\"url\":\"https:\/\/nelijakk.ee\/et\/\",\"name\":\"NELIJAKK\",\"description\":\"\",\"potentialAction\":[{\"@type\":\"SearchAction\",\"target\":{\"@type\":\"EntryPoint\",\"urlTemplate\":\"https:\/\/nelijakk.ee\/et\/?s={search_term_string}\"},\"query-input\":{\"@type\":\"PropertyValueSpecification\",\"valueRequired\":true,\"valueName\":\"search_term_string\"}}],\"inLanguage\":\"et\"}]}<\/script>\n<!-- \/ Yoast SEO plugin. -->","yoast_head_json":{"title":"K\u00e4ekott \u201cAbsolute\u201d - NELIJAKK","robots":{"index":"index","follow":"follow","max-snippet":"max-snippet:-1","max-image-preview":"max-image-preview:large","max-video-preview":"max-video-preview:-1"},"canonical":"https:\/\/nelijakk.ee\/et\/toode\/handbag-absolute-2\/","og_locale":"et_EE","og_type":"article","og_title":"K\u00e4ekott \u201cAbsolute\u201d - NELIJAKK","og_description":"Fotol:\u00a0Wensleydale Wool 2","og_url":"https:\/\/nelijakk.ee\/et\/toode\/handbag-absolute-2\/","og_site_name":"NELIJAKK","article_modified_time":"2020-09-06T08:47:07+00:00","og_image":[{"width":1000,"height":1130,"url":"https:\/\/nelijakk.ee\/wp-content\/uploads\/2020\/07\/SuurKottTumeIYI.jpg","type":"image\/jpeg"}],"twitter_card":"summary_large_image","twitter_misc":{"Est. reading time":"1 minut"},"schema":{"@context":"https:\/\/schema.org","@graph":[{"@type":"WebPage","@id":"https:\/\/nelijakk.ee\/et\/toode\/handbag-absolute-2\/","url":"https:\/\/nelijakk.ee\/et\/toode\/handbag-absolute-2\/","name":"K\u00e4ekott \u201cAbsolute\u201d - NELIJAKK","isPartOf":{"@id":"https:\/\/nelijakk.ee\/et\/#website"},"primaryImageOfPage":{"@id":"https:\/\/nelijakk.ee\/et\/toode\/handbag-absolute-2\/#primaryimage"},"image":{"@id":"https:\/\/nelijakk.ee\/et\/toode\/handbag-absolute-2\/#primaryimage"},"thumbnailUrl":"https:\/\/nelijakk.ee\/wp-content\/uploads\/2020\/07\/SuurKottTumeIYI.jpg","datePublished":"2020-07-09T12:34:15+00:00","dateModified":"2020-09-06T08:47:07+00:00","breadcrumb":{"@id":"https:\/\/nelijakk.ee\/et\/toode\/handbag-absolute-2\/#breadcrumb"},"inLanguage":"et","potentialAction":[{"@type":"ReadAction","target":["https:\/\/nelijakk.ee\/et\/toode\/handbag-absolute-2\/"]}]},{"@type":"ImageObject","inLanguage":"et","@id":"https:\/\/nelijakk.ee\/et\/toode\/handbag-absolute-2\/#primaryimage","url":"https:\/\/nelijakk.ee\/wp-content\/uploads\/2020\/07\/SuurKottTumeIYI.jpg","contentUrl":"https:\/\/nelijakk.ee\/wp-content\/uploads\/2020\/07\/SuurKottTumeIYI.jpg","width":1000,"height":1130,"caption":"SuurKottTumeIYI"},{"@type":"BreadcrumbList","@id":"https:\/\/nelijakk.ee\/et\/toode\/handbag-absolute-2\/#breadcrumb","itemListElement":[{"@type":"ListItem","position":1,"name":"Home","item":"https:\/\/nelijakk.ee\/et\/"},{"@type":"ListItem","position":2,"name":"Shop","item":"https:\/\/nelijakk.ee\/shop\/"},{"@type":"ListItem","position":3,"name":"K\u00e4ekott \u201cAbsolute\u201d"}]},{"@type":"WebSite","@id":"https:\/\/nelijakk.ee\/et\/#website","url":"https:\/\/nelijakk.ee\/et\/","name":"NELIJAKK","description":"","potentialAction":[{"@type":"SearchAction","target":{"@type":"EntryPoint","urlTemplate":"https:\/\/nelijakk.ee\/et\/?s={search_term_string}"},"query-input":{"@type":"PropertyValueSpecification","valueRequired":true,"valueName":"search_term_string"}}],"inLanguage":"et"}]}},"_links":{"self":[{"href":"https:\/\/nelijakk.ee\/et\/wp-json\/wp\/v2\/product\/2965","targetHints":{"allow":["GET"]}}],"collection":[{"href":"https:\/\/nelijakk.ee\/et\/wp-json\/wp\/v2\/product"}],"about":[{"href":"https:\/\/nelijakk.ee\/et\/wp-json\/wp\/v2\/types\/product"}],"version-history":[{"count":1,"href":"https:\/\/nelijakk.ee\/et\/wp-json\/wp\/v2\/product\/2965\/revisions"}],"predecessor-version":[{"id":3196,"href":"https:\/\/nelijakk.ee\/et\/wp-json\/wp\/v2\/product\/2965\/revisions\/3196"}],"wp:featuredmedia":[{"embeddable":true,"href":"https:\/\/nelijakk.ee\/et\/wp-json\/wp\/v2\/media\/2971"}],"wp:attachment":[{"href":"https:\/\/nelijakk.ee\/et\/wp-json\/wp\/v2\/media?parent=2965"}],"wp:term":[{"taxonomy":"product_brand","embeddable":true,"href":"https:\/\/nelijakk.ee\/et\/wp-json\/wp\/v2\/product_brand?post=2965"},{"taxonomy":"product_cat","embeddable":true,"href":"https:\/\/nelijakk.ee\/et\/wp-json\/wp\/v2\/product_cat?post=2965"},{"taxonomy":"product_tag","embeddable":true,"href":"https:\/\/nelijakk.ee\/et\/wp-json\/wp\/v2\/product_tag?post=2965"}],"curies":[{"name":"wp","href":"https:\/\/api.w.org\/{rel}","templated":true}]}}